{"id":2055,"date":"2025-11-13T07:18:50","date_gmt":"2025-11-13T07:18:50","guid":{"rendered":"https:\/\/florea.webwaves.fr\/?post_type=product&#038;p=2055"},"modified":"2025-11-13T07:18:50","modified_gmt":"2025-11-13T07:18:50","slug":"desir","status":"publish","type":"product","link":"https:\/\/florea.webwaves.fr\/?product=desir","title":{"rendered":"D\u00e9sir"},"content":{"rendered":"<p><strong>Bouquet D\u00e9sir \u2013 L\u2019intensit\u00e9 des roses rouges<\/strong><br \/>\nSymbole universel de passion et d\u2019amour, le Bouquet D\u00e9sir exprime avec force les sentiments les plus ardents. Compos\u00e9 exclusivement de splendides roses rouges, il s\u00e9duit par son \u00e9l\u00e9gance intemporelle et son intensit\u00e9. Un bouquet \u00e0 offrir pour une d\u00e9claration enflamm\u00e9e ou pour c\u00e9l\u00e9brer un moment romantique inoubliable.<\/p>\n","protected":false},"excerpt":{"rendered":"<p><strong>Bouquet D\u00e9sir \u2013 L\u2019intensit\u00e9 des roses rouges<\/strong><br \/>\nSymbole universel de passion et &#8230; <\/p>\n","protected":false},"featured_media":2057,"template":"","meta":[],"product_brand":[],"product_cat":[156,154,158,157],"product_tag":[],"class_list":{"0":"post-2055","1":"product","2":"type-product","3":"status-publish","4":"has-post-thumbnail","6":"product_cat-fleurs-eternelles","7":"product_cat-nos-fleurs","8":"product_cat-petits-prix","9":"product_cat-roses","11":"first","12":"instock","13":"taxable","14":"shipping-taxable","15":"purchasable","16":"product-type-simple"},"_links":{"self":[{"href":"https:\/\/florea.webwaves.fr\/index.php?rest_route=\/wp\/v2\/product\/2055","targetHints":{"allow":["GET"]}}],"collection":[{"href":"https:\/\/florea.webwaves.fr\/index.php?rest_route=\/wp\/v2\/product"}],"about":[{"href":"https:\/\/florea.webwaves.fr\/index.php?rest_route=\/wp\/v2\/types\/product"}],"wp:featuredmedia":[{"embeddable":true,"href":"https:\/\/florea.webwaves.fr\/index.php?rest_route=\/wp\/v2\/media\/2057"}],"wp:attachment":[{"href":"https:\/\/florea.webwaves.fr\/index.php?rest_route=%2Fwp%2Fv2%2Fmedia&parent=2055"}],"wp:term":[{"taxonomy":"product_brand","embeddable":true,"href":"https:\/\/florea.webwaves.fr\/index.php?rest_route=%2Fwp%2Fv2%2Fproduct_brand&post=2055"},{"taxonomy":"product_cat","embeddable":true,"href":"https:\/\/florea.webwaves.fr\/index.php?rest_route=%2Fwp%2Fv2%2Fproduct_cat&post=2055"},{"taxonomy":"product_tag","embeddable":true,"href":"https:\/\/florea.webwaves.fr\/index.php?rest_route=%2Fwp%2Fv2%2Fproduct_tag&post=2055"}],"curies":[{"name":"wp","href":"https:\/\/api.w.org\/{rel}","templated":true}]}}