{"id":2052,"date":"2025-11-13T07:18:00","date_gmt":"2025-11-13T07:18:00","guid":{"rendered":"https:\/\/florea.webwaves.fr\/?post_type=product&#038;p=2052"},"modified":"2025-11-13T07:18:00","modified_gmt":"2025-11-13T07:18:00","slug":"promesse","status":"publish","type":"product","link":"https:\/\/florea.webwaves.fr\/?product=promesse","title":{"rendered":"Promesse"},"content":{"rendered":"<p><strong>D\u00e9licatesse et \u00e9motion en fleurs<\/strong><strong><br \/>\n<\/strong>Offrez un message d\u2019amour, de tendresse ou d\u2019amiti\u00e9 avec le Bouquet Promesse.<br \/>\nSa composition harmonieuse aux teintes roses et blanches symbolise la douceur des sentiments et l\u2019engagement sinc\u00e8re. Les roses bicolores, d\u00e9licates et romantiques, se m\u00ealent aux fleurs blanches lumineuses et au feuillage raffin\u00e9 pour former une cr\u00e9ation \u00e9l\u00e9gante et intemporelle.<\/p>\n","protected":false},"excerpt":{"rendered":"<p><strong>D\u00e9licatesse et \u00e9motion en fleurs<\/strong><strong><br \/>\n<\/strong>Offrez un message d\u2019amour, de tendresse ou &#8230; <\/p>\n","protected":false},"featured_media":2054,"template":"","meta":[],"product_brand":[],"product_cat":[156,154,158,157],"product_tag":[],"class_list":{"0":"post-2052","1":"product","2":"type-product","3":"status-publish","4":"has-post-thumbnail","6":"product_cat-fleurs-eternelles","7":"product_cat-nos-fleurs","8":"product_cat-petits-prix","9":"product_cat-roses","11":"first","12":"instock","13":"taxable","14":"shipping-taxable","15":"purchasable","16":"product-type-simple"},"_links":{"self":[{"href":"https:\/\/florea.webwaves.fr\/index.php?rest_route=\/wp\/v2\/product\/2052","targetHints":{"allow":["GET"]}}],"collection":[{"href":"https:\/\/florea.webwaves.fr\/index.php?rest_route=\/wp\/v2\/product"}],"about":[{"href":"https:\/\/florea.webwaves.fr\/index.php?rest_route=\/wp\/v2\/types\/product"}],"wp:featuredmedia":[{"embeddable":true,"href":"https:\/\/florea.webwaves.fr\/index.php?rest_route=\/wp\/v2\/media\/2054"}],"wp:attachment":[{"href":"https:\/\/florea.webwaves.fr\/index.php?rest_route=%2Fwp%2Fv2%2Fmedia&parent=2052"}],"wp:term":[{"taxonomy":"product_brand","embeddable":true,"href":"https:\/\/florea.webwaves.fr\/index.php?rest_route=%2Fwp%2Fv2%2Fproduct_brand&post=2052"},{"taxonomy":"product_cat","embeddable":true,"href":"https:\/\/florea.webwaves.fr\/index.php?rest_route=%2Fwp%2Fv2%2Fproduct_cat&post=2052"},{"taxonomy":"product_tag","embeddable":true,"href":"https:\/\/florea.webwaves.fr\/index.php?rest_route=%2Fwp%2Fv2%2Fproduct_tag&post=2052"}],"curies":[{"name":"wp","href":"https:\/\/api.w.org\/{rel}","templated":true}]}}