{"id":2049,"date":"2025-11-13T07:16:53","date_gmt":"2025-11-13T07:16:53","guid":{"rendered":"https:\/\/florea.webwaves.fr\/?post_type=product&#038;p=2049"},"modified":"2025-11-13T07:16:53","modified_gmt":"2025-11-13T07:16:53","slug":"bouquet-elegance","status":"publish","type":"product","link":"https:\/\/florea.webwaves.fr\/?product=bouquet-elegance","title":{"rendered":"Bouquet El\u00e9gance"},"content":{"rendered":"<p><strong data-start=\"108\" data-end=\"169\">Bouquet Candide \u2013 Un message floral \u00e9l\u00e9gant et intemporel<\/strong><br data-start=\"169\" data-end=\"172\" \/>D\u00e9livrez vos plus beaux messages avec le\u00a0<strong data-start=\"213\" data-end=\"232\">Bouquet Candide<\/strong>, une cr\u00e9ation florale \u00e9l\u00e9gante et intemporelle compos\u00e9e de d\u00e9licates fleurs blanches et de feuillages vari\u00e9s.<br data-start=\"342\" data-end=\"345\" \/>Un bouquet gracieux et naturel qui ravira \u00e0 coup s\u00fbr son destinataire !<\/p>\n","protected":false},"excerpt":{"rendered":"<p><strong data-start=\"108\" data-end=\"169\">Bouquet Candide \u2013 Un message floral \u00e9l\u00e9gant et intemporel<\/strong><br ... \n<\/p>\n","protected":false},"featured_media":2051,"template":"","meta":[],"product_brand":[],"product_cat":[156,154],"product_tag":[],"class_list":{"0":"post-2049","1":"product","2":"type-product","3":"status-publish","4":"has-post-thumbnail","6":"product_cat-fleurs-eternelles","7":"product_cat-nos-fleurs","9":"first","10":"instock","11":"taxable","12":"shipping-taxable","13":"purchasable","14":"product-type-simple"},"_links":{"self":[{"href":"https:\/\/florea.webwaves.fr\/index.php?rest_route=\/wp\/v2\/product\/2049","targetHints":{"allow":["GET"]}}],"collection":[{"href":"https:\/\/florea.webwaves.fr\/index.php?rest_route=\/wp\/v2\/product"}],"about":[{"href":"https:\/\/florea.webwaves.fr\/index.php?rest_route=\/wp\/v2\/types\/product"}],"wp:featuredmedia":[{"embeddable":true,"href":"https:\/\/florea.webwaves.fr\/index.php?rest_route=\/wp\/v2\/media\/2051"}],"wp:attachment":[{"href":"https:\/\/florea.webwaves.fr\/index.php?rest_route=%2Fwp%2Fv2%2Fmedia&parent=2049"}],"wp:term":[{"taxonomy":"product_brand","embeddable":true,"href":"https:\/\/florea.webwaves.fr\/index.php?rest_route=%2Fwp%2Fv2%2Fproduct_brand&post=2049"},{"taxonomy":"product_cat","embeddable":true,"href":"https:\/\/florea.webwaves.fr\/index.php?rest_route=%2Fwp%2Fv2%2Fproduct_cat&post=2049"},{"taxonomy":"product_tag","embeddable":true,"href":"https:\/\/florea.webwaves.fr\/index.php?rest_route=%2Fwp%2Fv2%2Fproduct_tag&post=2049"}],"curies":[{"name":"wp","href":"https:\/\/api.w.org\/{rel}","templated":true}]}}