{"id":2036,"date":"2025-11-13T07:05:26","date_gmt":"2025-11-13T07:05:26","guid":{"rendered":"https:\/\/florea.webwaves.fr\/?post_type=product&#038;p=2036"},"modified":"2025-11-13T07:05:26","modified_gmt":"2025-11-13T07:05:26","slug":"bouquet-cadeau","status":"publish","type":"product","link":"https:\/\/florea.webwaves.fr\/?product=bouquet-cadeau","title":{"rendered":"Bouquet Cadeau"},"content":{"rendered":"<p><strong>Bouquet Cadeau \u2013 Une attention fleurie pleine de charme<\/strong><br \/>\nOffrir des fleurs, c\u2019est offrir un sourire, une \u00e9motion, un souvenir. Le Bouquet Cadeau est la surprise id\u00e9ale pour toutes les belles occasions : anniversaire, remerciements, d\u00e9claration ou simple geste d&rsquo;affection.<br \/>\nAvec ses teintes contrast\u00e9es et \u00e9l\u00e9gantes, il incarne \u00e0 la fois passion, douceur et raffinement.<\/p>\n","protected":false},"excerpt":{"rendered":"<p><strong>Bouquet Cadeau \u2013 Une attention fleurie pleine de charme<\/strong><br \/>\nOffrir des fleurs, &#8230; <\/p>\n","protected":false},"featured_media":2038,"template":"","meta":[],"product_brand":[],"product_cat":[163],"product_tag":[],"class_list":{"0":"post-2036","1":"product","2":"type-product","3":"status-publish","4":"has-post-thumbnail","6":"product_cat-amour","8":"first","9":"instock","10":"taxable","11":"shipping-taxable","12":"purchasable","13":"product-type-simple"},"_links":{"self":[{"href":"https:\/\/florea.webwaves.fr\/index.php?rest_route=\/wp\/v2\/product\/2036","targetHints":{"allow":["GET"]}}],"collection":[{"href":"https:\/\/florea.webwaves.fr\/index.php?rest_route=\/wp\/v2\/product"}],"about":[{"href":"https:\/\/florea.webwaves.fr\/index.php?rest_route=\/wp\/v2\/types\/product"}],"wp:featuredmedia":[{"embeddable":true,"href":"https:\/\/florea.webwaves.fr\/index.php?rest_route=\/wp\/v2\/media\/2038"}],"wp:attachment":[{"href":"https:\/\/florea.webwaves.fr\/index.php?rest_route=%2Fwp%2Fv2%2Fmedia&parent=2036"}],"wp:term":[{"taxonomy":"product_brand","embeddable":true,"href":"https:\/\/florea.webwaves.fr\/index.php?rest_route=%2Fwp%2Fv2%2Fproduct_brand&post=2036"},{"taxonomy":"product_cat","embeddable":true,"href":"https:\/\/florea.webwaves.fr\/index.php?rest_route=%2Fwp%2Fv2%2Fproduct_cat&post=2036"},{"taxonomy":"product_tag","embeddable":true,"href":"https:\/\/florea.webwaves.fr\/index.php?rest_route=%2Fwp%2Fv2%2Fproduct_tag&post=2036"}],"curies":[{"name":"wp","href":"https:\/\/api.w.org\/{rel}","templated":true}]}}