{"id":2033,"date":"2025-11-13T07:03:40","date_gmt":"2025-11-13T07:03:40","guid":{"rendered":"https:\/\/florea.webwaves.fr\/?post_type=product&#038;p=2033"},"modified":"2025-11-13T07:04:00","modified_gmt":"2025-11-13T07:04:00","slug":"bouquet-felicitations","status":"publish","type":"product","link":"https:\/\/florea.webwaves.fr\/?product=bouquet-felicitations","title":{"rendered":"Bouquet F\u00e9licitations"},"content":{"rendered":"<p><strong data-start=\"150\" data-end=\"230\">Bouquet F\u00e9licitations \u2013 \u00c9l\u00e9gance et fra\u00eecheur pour c\u00e9l\u00e9brer un moment unique<\/strong><br data-start=\"230\" data-end=\"233\" \/>Le\u00a0<strong data-start=\"236\" data-end=\"261\">Bouquet F\u00e9licitations<\/strong>\u00a0est une composition raffin\u00e9e qui associe la puret\u00e9 du blanc et la fra\u00eecheur du vert pour un rendu lumineux et d\u00e9licat. Il est compos\u00e9 de roses blanches majestueuses, de germinis \u00e9clatants, de carnations vaporeuses, et d\u2019hypericum vert, sublim\u00e9s par un feuillage \u00e9l\u00e9gant et a\u00e9rien.<\/p>\n","protected":false},"excerpt":{"rendered":"<p><strong data-start=\"150\" data-end=\"230\">Bouquet F\u00e9licitations \u2013 \u00c9l\u00e9gance et fra\u00eecheur pour c\u00e9l\u00e9brer un &#8230; <\/p>\n","protected":false},"featured_media":2035,"template":"","meta":[],"product_brand":[],"product_cat":[161,162,160],"product_tag":[],"class_list":{"0":"post-2033","1":"product","2":"type-product","3":"status-publish","4":"has-post-thumbnail","6":"product_cat-mariage","7":"product_cat-naissance","8":"product_cat-occasions","10":"first","11":"instock","12":"taxable","13":"shipping-taxable","14":"purchasable","15":"product-type-simple"},"_links":{"self":[{"href":"https:\/\/florea.webwaves.fr\/index.php?rest_route=\/wp\/v2\/product\/2033","targetHints":{"allow":["GET"]}}],"collection":[{"href":"https:\/\/florea.webwaves.fr\/index.php?rest_route=\/wp\/v2\/product"}],"about":[{"href":"https:\/\/florea.webwaves.fr\/index.php?rest_route=\/wp\/v2\/types\/product"}],"wp:featuredmedia":[{"embeddable":true,"href":"https:\/\/florea.webwaves.fr\/index.php?rest_route=\/wp\/v2\/media\/2035"}],"wp:attachment":[{"href":"https:\/\/florea.webwaves.fr\/index.php?rest_route=%2Fwp%2Fv2%2Fmedia&parent=2033"}],"wp:term":[{"taxonomy":"product_brand","embeddable":true,"href":"https:\/\/florea.webwaves.fr\/index.php?rest_route=%2Fwp%2Fv2%2Fproduct_brand&post=2033"},{"taxonomy":"product_cat","embeddable":true,"href":"https:\/\/florea.webwaves.fr\/index.php?rest_route=%2Fwp%2Fv2%2Fproduct_cat&post=2033"},{"taxonomy":"product_tag","embeddable":true,"href":"https:\/\/florea.webwaves.fr\/index.php?rest_route=%2Fwp%2Fv2%2Fproduct_tag&post=2033"}],"curies":[{"name":"wp","href":"https:\/\/api.w.org\/{rel}","templated":true}]}}