{"id":2022,"date":"2025-11-13T06:36:40","date_gmt":"2025-11-13T06:36:40","guid":{"rendered":"https:\/\/florea.webwaves.fr\/?post_type=product&#038;p=2022"},"modified":"2025-11-13T06:37:00","modified_gmt":"2025-11-13T06:37:00","slug":"botte-surprise-de-20-lisianthus","status":"publish","type":"product","link":"https:\/\/florea.webwaves.fr\/?product=botte-surprise-de-20-lisianthus","title":{"rendered":"Botte surprise de 20 Lisianthus"},"content":{"rendered":"<p><strong>Pourquoi ces fleurs sont meilleures pour tous ?<\/strong><\/p>\n<p><img decoding=\"async\" src=\"https:\/\/cdn.monsieurmarguerite.com\/img\/assets\/89d8436138c94dacccb963c033233b3b.png\" alt=\"\" width=\"15\" height=\"15\" \/>\u00a0Vous soutenez nos producteurs du Sud ?? qui b\u00e9n\u00e9ficient de prix justes toute l\u2019ann\u00e9e.<\/p>\n<p><img decoding=\"async\" src=\"https:\/\/cdn.monsieurmarguerite.com\/img\/assets\/89d8436138c94dacccb963c033233b3b.png\" alt=\"\" width=\"15\" height=\"15\" \/>\u00a0Vous choisissez une horticulture de saison, humaine, locale et raisonn\u00e9e, plus respectueuse de l\u2019environnement (non chauff\u00e9e, non \u00e9clair\u00e9e, moins de transport).<\/p>\n<p><img decoding=\"async\" src=\"https:\/\/cdn.monsieurmarguerite.com\/img\/assets\/89d8436138c94dacccb963c033233b3b.png\" alt=\"\" width=\"15\" height=\"15\" \/>\u00a0Vous profitez de fleurs plus fraiches et plus r\u00e9sistantes gr\u00e2ce \u00e0 un circuit ultra court entre nos producteurs et vous.<\/p>\n","protected":false},"excerpt":{"rendered":"<p>Des Lisianthus cultiv\u00e9s dans le Sud<br \/>\nBotte de 10 ou 20 Lisianthus<br \/>\nVari\u00e9t\u00e9 &#8230; <\/p>\n","protected":false},"featured_media":2024,"template":"","meta":[],"product_brand":[],"product_cat":[159],"product_tag":[],"class_list":{"0":"post-2022","1":"product","2":"type-product","3":"status-publish","4":"has-post-thumbnail","6":"product_cat-bouquets","8":"first","9":"instock","10":"taxable","11":"shipping-taxable","12":"purchasable","13":"product-type-simple"},"_links":{"self":[{"href":"https:\/\/florea.webwaves.fr\/index.php?rest_route=\/wp\/v2\/product\/2022","targetHints":{"allow":["GET"]}}],"collection":[{"href":"https:\/\/florea.webwaves.fr\/index.php?rest_route=\/wp\/v2\/product"}],"about":[{"href":"https:\/\/florea.webwaves.fr\/index.php?rest_route=\/wp\/v2\/types\/product"}],"wp:featuredmedia":[{"embeddable":true,"href":"https:\/\/florea.webwaves.fr\/index.php?rest_route=\/wp\/v2\/media\/2024"}],"wp:attachment":[{"href":"https:\/\/florea.webwaves.fr\/index.php?rest_route=%2Fwp%2Fv2%2Fmedia&parent=2022"}],"wp:term":[{"taxonomy":"product_brand","embeddable":true,"href":"https:\/\/florea.webwaves.fr\/index.php?rest_route=%2Fwp%2Fv2%2Fproduct_brand&post=2022"},{"taxonomy":"product_cat","embeddable":true,"href":"https:\/\/florea.webwaves.fr\/index.php?rest_route=%2Fwp%2Fv2%2Fproduct_cat&post=2022"},{"taxonomy":"product_tag","embeddable":true,"href":"https:\/\/florea.webwaves.fr\/index.php?rest_route=%2Fwp%2Fv2%2Fproduct_tag&post=2022"}],"curies":[{"name":"wp","href":"https:\/\/api.w.org\/{rel}","templated":true}]}}