{"id":2018,"date":"2025-11-13T06:34:43","date_gmt":"2025-11-13T06:34:43","guid":{"rendered":"https:\/\/florea.webwaves.fr\/?post_type=product&#038;p=2018"},"modified":"2025-11-13T06:34:43","modified_gmt":"2025-11-13T06:34:43","slug":"bouquet-signature-blanc-et-bleu","status":"publish","type":"product","link":"https:\/\/florea.webwaves.fr\/?product=bouquet-signature-blanc-et-bleu","title":{"rendered":"Bouquet signature &#8211; blanc et bleu"},"content":{"rendered":"","protected":false},"excerpt":{"rendered":"<p>Le Bouquet signature Monsieur Marguerite est compos\u00e9 de vari\u00e9t\u00e9s 100% fran\u00e7aises &#8230; <\/p>\n","protected":false},"featured_media":2020,"template":"","meta":[],"product_brand":[],"product_cat":[159],"product_tag":[],"class_list":{"0":"post-2018","1":"product","2":"type-product","3":"status-publish","4":"has-post-thumbnail","6":"product_cat-bouquets","8":"first","9":"instock","10":"taxable","11":"shipping-taxable","12":"purchasable","13":"product-type-simple"},"_links":{"self":[{"href":"https:\/\/florea.webwaves.fr\/index.php?rest_route=\/wp\/v2\/product\/2018","targetHints":{"allow":["GET"]}}],"collection":[{"href":"https:\/\/florea.webwaves.fr\/index.php?rest_route=\/wp\/v2\/product"}],"about":[{"href":"https:\/\/florea.webwaves.fr\/index.php?rest_route=\/wp\/v2\/types\/product"}],"wp:featuredmedia":[{"embeddable":true,"href":"https:\/\/florea.webwaves.fr\/index.php?rest_route=\/wp\/v2\/media\/2020"}],"wp:attachment":[{"href":"https:\/\/florea.webwaves.fr\/index.php?rest_route=%2Fwp%2Fv2%2Fmedia&parent=2018"}],"wp:term":[{"taxonomy":"product_brand","embeddable":true,"href":"https:\/\/florea.webwaves.fr\/index.php?rest_route=%2Fwp%2Fv2%2Fproduct_brand&post=2018"},{"taxonomy":"product_cat","embeddable":true,"href":"https:\/\/florea.webwaves.fr\/index.php?rest_route=%2Fwp%2Fv2%2Fproduct_cat&post=2018"},{"taxonomy":"product_tag","embeddable":true,"href":"https:\/\/florea.webwaves.fr\/index.php?rest_route=%2Fwp%2Fv2%2Fproduct_tag&post=2018"}],"curies":[{"name":"wp","href":"https:\/\/api.w.org\/{rel}","templated":true}]}}