{"id":2015,"date":"2025-11-13T06:33:21","date_gmt":"2025-11-13T06:33:21","guid":{"rendered":"https:\/\/florea.webwaves.fr\/?post_type=product&#038;p=2015"},"modified":"2025-11-13T06:33:21","modified_gmt":"2025-11-13T06:33:21","slug":"bouquet-de-saison-passionnement","status":"publish","type":"product","link":"https:\/\/florea.webwaves.fr\/?product=bouquet-de-saison-passionnement","title":{"rendered":"Bouquet de saison &#8211; Passionn\u00e9ment"},"content":{"rendered":"<p>Le Bouquet de saison est compos\u00e9 exclusivement de fleurs fran\u00e7aises et de saison.<br \/>\nLa composition et la couleur des bouquets peut aussi varier d\u2019un bouquet \u00e0 l\u2019autre en fonction des arrivages quotidiens de nos producteurs et de la m\u00e9t\u00e9o. <\/p>\n","protected":false},"excerpt":{"rendered":"<p>Le Bouquet de saison est compos\u00e9 exclusivement de fleurs fran\u00e7aises et &#8230; <\/p>\n","protected":false},"featured_media":2017,"template":"","meta":[],"product_brand":[],"product_cat":[159],"product_tag":[],"class_list":{"0":"post-2015","1":"product","2":"type-product","3":"status-publish","4":"has-post-thumbnail","6":"product_cat-bouquets","8":"first","9":"instock","10":"taxable","11":"shipping-taxable","12":"purchasable","13":"product-type-simple"},"_links":{"self":[{"href":"https:\/\/florea.webwaves.fr\/index.php?rest_route=\/wp\/v2\/product\/2015","targetHints":{"allow":["GET"]}}],"collection":[{"href":"https:\/\/florea.webwaves.fr\/index.php?rest_route=\/wp\/v2\/product"}],"about":[{"href":"https:\/\/florea.webwaves.fr\/index.php?rest_route=\/wp\/v2\/types\/product"}],"wp:featuredmedia":[{"embeddable":true,"href":"https:\/\/florea.webwaves.fr\/index.php?rest_route=\/wp\/v2\/media\/2017"}],"wp:attachment":[{"href":"https:\/\/florea.webwaves.fr\/index.php?rest_route=%2Fwp%2Fv2%2Fmedia&parent=2015"}],"wp:term":[{"taxonomy":"product_brand","embeddable":true,"href":"https:\/\/florea.webwaves.fr\/index.php?rest_route=%2Fwp%2Fv2%2Fproduct_brand&post=2015"},{"taxonomy":"product_cat","embeddable":true,"href":"https:\/\/florea.webwaves.fr\/index.php?rest_route=%2Fwp%2Fv2%2Fproduct_cat&post=2015"},{"taxonomy":"product_tag","embeddable":true,"href":"https:\/\/florea.webwaves.fr\/index.php?rest_route=%2Fwp%2Fv2%2Fproduct_tag&post=2015"}],"curies":[{"name":"wp","href":"https:\/\/api.w.org\/{rel}","templated":true}]}}