{"id":2009,"date":"2025-11-13T06:25:46","date_gmt":"2025-11-13T06:25:46","guid":{"rendered":"https:\/\/florea.webwaves.fr\/?post_type=product&#038;p=2009"},"modified":"2025-11-13T06:25:46","modified_gmt":"2025-11-13T06:25:46","slug":"alocasia-macrorrhiza","status":"publish","type":"product","link":"https:\/\/florea.webwaves.fr\/?product=alocasia-macrorrhiza","title":{"rendered":"Alocasia macrorrhiza"},"content":{"rendered":"<p>L\u2019Alocasia macrorrhiza, surnomm\u00e9e \u201cOreille d\u2019\u00e9l\u00e9phant\u201d, s\u00e9duit par ses immenses feuilles vertes en forme de c\u0153ur. Originaire d\u2019Asie du Sud-Est, cette plante exotique cr\u00e9e une ambiance jungle instantan\u00e9e dans tout int\u00e9rieur spacieux ou v\u00e9randa.<br \/>\nElle aime la chaleur, la lumi\u00e8re tamis\u00e9e et une humidit\u00e9 r\u00e9guli\u00e8re. Parfaite pour un effet d\u00e9coratif puissant et naturel.<\/p>\n","protected":false},"excerpt":{"rendered":"<p>Grande plante d\u2019int\u00e9rieur tropicale aux feuilles larges et spectaculaires, symbole de &#8230; <\/p>\n","protected":false},"featured_media":2011,"template":"","meta":[],"product_brand":[],"product_cat":[153,149],"product_tag":[],"class_list":{"0":"post-2009","1":"product","2":"type-product","3":"status-publish","4":"has-post-thumbnail","6":"product_cat-exotiques","7":"product_cat-plantes","9":"first","10":"instock","11":"taxable","12":"shipping-taxable","13":"purchasable","14":"product-type-simple"},"_links":{"self":[{"href":"https:\/\/florea.webwaves.fr\/index.php?rest_route=\/wp\/v2\/product\/2009","targetHints":{"allow":["GET"]}}],"collection":[{"href":"https:\/\/florea.webwaves.fr\/index.php?rest_route=\/wp\/v2\/product"}],"about":[{"href":"https:\/\/florea.webwaves.fr\/index.php?rest_route=\/wp\/v2\/types\/product"}],"wp:featuredmedia":[{"embeddable":true,"href":"https:\/\/florea.webwaves.fr\/index.php?rest_route=\/wp\/v2\/media\/2011"}],"wp:attachment":[{"href":"https:\/\/florea.webwaves.fr\/index.php?rest_route=%2Fwp%2Fv2%2Fmedia&parent=2009"}],"wp:term":[{"taxonomy":"product_brand","embeddable":true,"href":"https:\/\/florea.webwaves.fr\/index.php?rest_route=%2Fwp%2Fv2%2Fproduct_brand&post=2009"},{"taxonomy":"product_cat","embeddable":true,"href":"https:\/\/florea.webwaves.fr\/index.php?rest_route=%2Fwp%2Fv2%2Fproduct_cat&post=2009"},{"taxonomy":"product_tag","embeddable":true,"href":"https:\/\/florea.webwaves.fr\/index.php?rest_route=%2Fwp%2Fv2%2Fproduct_tag&post=2009"}],"curies":[{"name":"wp","href":"https:\/\/api.w.org\/{rel}","templated":true}]}}