{"id":2006,"date":"2025-11-13T06:24:11","date_gmt":"2025-11-13T06:24:11","guid":{"rendered":"https:\/\/florea.webwaves.fr\/?post_type=product&#038;p=2006"},"modified":"2025-11-13T06:24:11","modified_gmt":"2025-11-13T06:24:11","slug":"strelitzia-reginae","status":"publish","type":"product","link":"https:\/\/florea.webwaves.fr\/?product=strelitzia-reginae","title":{"rendered":"Strelitzia reginae"},"content":{"rendered":"<p>Le Strelitzia reginae, ou \u201cOiseau de paradis\u201d, est originaire d\u2019Afrique du Sud. Ses fleurs orange et bleues au port dress\u00e9 offrent une allure majestueuse et exotique.<br \/>\nElle se cultive facilement en pot ou en pleine terre dans un endroit lumineux et abrit\u00e9. En int\u00e9rieur, elle apporte une touche tropicale raffin\u00e9e et moderne, tout en restant r\u00e9sistante et facile \u00e0 entretenir.<\/p>\n","protected":false},"excerpt":{"rendered":"<p>Plante exotique embl\u00e9matique, connue pour ses fleurs color\u00e9es rappelant la t\u00eate &#8230; <\/p>\n","protected":false},"featured_media":2008,"template":"","meta":[],"product_brand":[],"product_cat":[153,149],"product_tag":[],"class_list":{"0":"post-2006","1":"product","2":"type-product","3":"status-publish","4":"has-post-thumbnail","6":"product_cat-exotiques","7":"product_cat-plantes","9":"first","10":"instock","11":"taxable","12":"shipping-taxable","13":"purchasable","14":"product-type-simple"},"_links":{"self":[{"href":"https:\/\/florea.webwaves.fr\/index.php?rest_route=\/wp\/v2\/product\/2006","targetHints":{"allow":["GET"]}}],"collection":[{"href":"https:\/\/florea.webwaves.fr\/index.php?rest_route=\/wp\/v2\/product"}],"about":[{"href":"https:\/\/florea.webwaves.fr\/index.php?rest_route=\/wp\/v2\/types\/product"}],"wp:featuredmedia":[{"embeddable":true,"href":"https:\/\/florea.webwaves.fr\/index.php?rest_route=\/wp\/v2\/media\/2008"}],"wp:attachment":[{"href":"https:\/\/florea.webwaves.fr\/index.php?rest_route=%2Fwp%2Fv2%2Fmedia&parent=2006"}],"wp:term":[{"taxonomy":"product_brand","embeddable":true,"href":"https:\/\/florea.webwaves.fr\/index.php?rest_route=%2Fwp%2Fv2%2Fproduct_brand&post=2006"},{"taxonomy":"product_cat","embeddable":true,"href":"https:\/\/florea.webwaves.fr\/index.php?rest_route=%2Fwp%2Fv2%2Fproduct_cat&post=2006"},{"taxonomy":"product_tag","embeddable":true,"href":"https:\/\/florea.webwaves.fr\/index.php?rest_route=%2Fwp%2Fv2%2Fproduct_tag&post=2006"}],"curies":[{"name":"wp","href":"https:\/\/api.w.org\/{rel}","templated":true}]}}