{"id":2003,"date":"2025-11-13T06:22:46","date_gmt":"2025-11-13T06:22:46","guid":{"rendered":"https:\/\/florea.webwaves.fr\/?post_type=product&#038;p=2003"},"modified":"2025-11-13T06:22:46","modified_gmt":"2025-11-13T06:22:46","slug":"heliconia-rostrata","status":"publish","type":"product","link":"https:\/\/florea.webwaves.fr\/?product=heliconia-rostrata","title":{"rendered":"Heliconia rostrata"},"content":{"rendered":"<p>L\u2019Heliconia rostrata, aussi appel\u00e9e \u201cGriffe de homard\u201d, est une plante tropicale originaire d\u2019Am\u00e9rique du Sud. Elle se distingue par ses longues inflorescences color\u00e9es rouge vif et jaune or, qui \u00e9voquent un paysage tropical luxuriant.<br \/>\nAdapt\u00e9e aux espaces lumineux ou aux serres chaudes, elle aime la chaleur, l\u2019humidit\u00e9 et un sol riche. En pot ou en massif, l\u2019Heliconia apporte une note d\u2019exotisme incomparable et attire le regard par son aspect spectaculaire.<\/p>\n","protected":false},"excerpt":{"rendered":"<p>Plante tropicale spectaculaire aux inflorescences rouges et jaunes pendantes, id\u00e9ale pour &#8230; <\/p>\n","protected":false},"featured_media":2005,"template":"","meta":[],"product_brand":[],"product_cat":[153,149],"product_tag":[],"class_list":{"0":"post-2003","1":"product","2":"type-product","3":"status-publish","4":"has-post-thumbnail","6":"product_cat-exotiques","7":"product_cat-plantes","9":"first","10":"instock","11":"taxable","12":"shipping-taxable","13":"purchasable","14":"product-type-simple"},"_links":{"self":[{"href":"https:\/\/florea.webwaves.fr\/index.php?rest_route=\/wp\/v2\/product\/2003","targetHints":{"allow":["GET"]}}],"collection":[{"href":"https:\/\/florea.webwaves.fr\/index.php?rest_route=\/wp\/v2\/product"}],"about":[{"href":"https:\/\/florea.webwaves.fr\/index.php?rest_route=\/wp\/v2\/types\/product"}],"wp:featuredmedia":[{"embeddable":true,"href":"https:\/\/florea.webwaves.fr\/index.php?rest_route=\/wp\/v2\/media\/2005"}],"wp:attachment":[{"href":"https:\/\/florea.webwaves.fr\/index.php?rest_route=%2Fwp%2Fv2%2Fmedia&parent=2003"}],"wp:term":[{"taxonomy":"product_brand","embeddable":true,"href":"https:\/\/florea.webwaves.fr\/index.php?rest_route=%2Fwp%2Fv2%2Fproduct_brand&post=2003"},{"taxonomy":"product_cat","embeddable":true,"href":"https:\/\/florea.webwaves.fr\/index.php?rest_route=%2Fwp%2Fv2%2Fproduct_cat&post=2003"},{"taxonomy":"product_tag","embeddable":true,"href":"https:\/\/florea.webwaves.fr\/index.php?rest_route=%2Fwp%2Fv2%2Fproduct_tag&post=2003"}],"curies":[{"name":"wp","href":"https:\/\/api.w.org\/{rel}","templated":true}]}}