{"id":1982,"date":"2025-11-10T11:29:34","date_gmt":"2025-11-10T11:29:34","guid":{"rendered":"https:\/\/florea.webwaves.fr\/?post_type=product&#038;p=1982"},"modified":"2025-11-10T11:31:42","modified_gmt":"2025-11-10T11:31:42","slug":"monstera-obliqua","status":"publish","type":"product","link":"https:\/\/florea.webwaves.fr\/?product=monstera-obliqua","title":{"rendered":"Monstera Obliqua"},"content":{"rendered":"<p>La Monstera obliqua est une plante tropicale d\u2019int\u00e9rieur tr\u00e8s pris\u00e9e par les collectionneurs pour son feuillage unique et extr\u00eamement d\u00e9coratif. Ses feuilles vert fonc\u00e9 sont finement perfor\u00e9es et d\u00e9coup\u00e9es, cr\u00e9ant un motif \u00e9l\u00e9gant et presque translucide qui attire le regard. Originaire des for\u00eats tropicales d\u2019Am\u00e9rique centrale, elle n\u00e9cessite un environnement humide et lumineux, mais sans exposition directe au soleil.<br \/>\nTr\u00e8s d\u00e9licate, la Monstera obliqua demande un arrosage r\u00e9gulier, un substrat bien drain\u00e9 et un maintien de l\u2019humidit\u00e9 ambiante pour prosp\u00e9rer. Elle est id\u00e9ale pour les amateurs de plantes rares qui souhaitent ajouter une pi\u00e8ce spectaculaire et originale \u00e0 leur int\u00e9rieur. Son aspect a\u00e9rien et sa silhouette graphique en font un v\u00e9ritable bijou pour d\u00e9corer salons, bureaux ou v\u00e9randas.<\/p>\n","protected":false},"excerpt":{"rendered":"<p>La Monstera obliqua est une plante d\u2019int\u00e9rieur rare et d\u00e9licate, c\u00e9l\u00e8bre &#8230; <\/p>\n","protected":false},"featured_media":1986,"template":"","meta":[],"product_brand":[],"product_cat":[149,152],"product_tag":[],"class_list":{"0":"post-1982","1":"product","2":"type-product","3":"status-publish","4":"has-post-thumbnail","6":"product_cat-plantes","7":"product_cat-plantes-rares","9":"first","10":"instock","11":"taxable","12":"shipping-taxable","13":"purchasable","14":"product-type-simple"},"_links":{"self":[{"href":"https:\/\/florea.webwaves.fr\/index.php?rest_route=\/wp\/v2\/product\/1982","targetHints":{"allow":["GET"]}}],"collection":[{"href":"https:\/\/florea.webwaves.fr\/index.php?rest_route=\/wp\/v2\/product"}],"about":[{"href":"https:\/\/florea.webwaves.fr\/index.php?rest_route=\/wp\/v2\/types\/product"}],"wp:featuredmedia":[{"embeddable":true,"href":"https:\/\/florea.webwaves.fr\/index.php?rest_route=\/wp\/v2\/media\/1986"}],"wp:attachment":[{"href":"https:\/\/florea.webwaves.fr\/index.php?rest_route=%2Fwp%2Fv2%2Fmedia&parent=1982"}],"wp:term":[{"taxonomy":"product_brand","embeddable":true,"href":"https:\/\/florea.webwaves.fr\/index.php?rest_route=%2Fwp%2Fv2%2Fproduct_brand&post=1982"},{"taxonomy":"product_cat","embeddable":true,"href":"https:\/\/florea.webwaves.fr\/index.php?rest_route=%2Fwp%2Fv2%2Fproduct_cat&post=1982"},{"taxonomy":"product_tag","embeddable":true,"href":"https:\/\/florea.webwaves.fr\/index.php?rest_route=%2Fwp%2Fv2%2Fproduct_tag&post=1982"}],"curies":[{"name":"wp","href":"https:\/\/api.w.org\/{rel}","templated":true}]}}