{"id":1976,"date":"2025-11-10T11:23:53","date_gmt":"2025-11-10T11:23:53","guid":{"rendered":"https:\/\/florea.webwaves.fr\/?post_type=product&#038;p=1976"},"modified":"2025-11-10T11:23:53","modified_gmt":"2025-11-10T11:23:53","slug":"chamaerops-humilis","status":"publish","type":"product","link":"https:\/\/florea.webwaves.fr\/?product=chamaerops-humilis","title":{"rendered":"Chamaerops Humilis"},"content":{"rendered":"<p>Le Chamaerops humilis, commun\u00e9ment appel\u00e9 palmier nain m\u00e9diterran\u00e9en, est un palmier rustique originaire du bassin m\u00e9diterran\u00e9en. Il se distingue par ses feuilles vert fonc\u00e9 en \u00e9ventail et son port buissonnant, pouvant former plusieurs troncs \u00e0 la base.<br \/>\nRobuste et peu exigeant, il supporte bien les sols secs, les vents et les temp\u00e9ratures fra\u00eeches, ce qui en fait un excellent choix pour les jardins expos\u00e9s aux conditions climatiques vari\u00e9es. Il pr\u00e9f\u00e8re une exposition en plein soleil mais tol\u00e8re \u00e9galement une mi-ombre.<br \/>\nGr\u00e2ce \u00e0 son aspect graphique et sa silhouette compacte, le Chamaerops humilis s\u2019int\u00e8gre parfaitement dans les am\u00e9nagements paysagers m\u00e9diterran\u00e9ens, contemporains ou exotiques. Il est id\u00e9al pour cr\u00e9er des massifs, des haies ou des points focaux dans le jardin, tout en n\u00e9cessitant peu d\u2019entretien.<\/p>\n","protected":false},"excerpt":{"rendered":"<p>Le Chamaerops humilis, ou palmier nain m\u00e9diterran\u00e9en, est une plante d\u2019ext\u00e9rieur &#8230; <\/p>\n","protected":false},"featured_media":1978,"template":"","meta":[],"product_brand":[],"product_cat":[149,151],"product_tag":[],"class_list":{"0":"post-1976","1":"product","2":"type-product","3":"status-publish","4":"has-post-thumbnail","6":"product_cat-plantes","7":"product_cat-plantes-dexterieur","9":"first","10":"instock","11":"taxable","12":"shipping-taxable","13":"purchasable","14":"product-type-simple"},"_links":{"self":[{"href":"https:\/\/florea.webwaves.fr\/index.php?rest_route=\/wp\/v2\/product\/1976","targetHints":{"allow":["GET"]}}],"collection":[{"href":"https:\/\/florea.webwaves.fr\/index.php?rest_route=\/wp\/v2\/product"}],"about":[{"href":"https:\/\/florea.webwaves.fr\/index.php?rest_route=\/wp\/v2\/types\/product"}],"wp:featuredmedia":[{"embeddable":true,"href":"https:\/\/florea.webwaves.fr\/index.php?rest_route=\/wp\/v2\/media\/1978"}],"wp:attachment":[{"href":"https:\/\/florea.webwaves.fr\/index.php?rest_route=%2Fwp%2Fv2%2Fmedia&parent=1976"}],"wp:term":[{"taxonomy":"product_brand","embeddable":true,"href":"https:\/\/florea.webwaves.fr\/index.php?rest_route=%2Fwp%2Fv2%2Fproduct_brand&post=1976"},{"taxonomy":"product_cat","embeddable":true,"href":"https:\/\/florea.webwaves.fr\/index.php?rest_route=%2Fwp%2Fv2%2Fproduct_cat&post=1976"},{"taxonomy":"product_tag","embeddable":true,"href":"https:\/\/florea.webwaves.fr\/index.php?rest_route=%2Fwp%2Fv2%2Fproduct_tag&post=1976"}],"curies":[{"name":"wp","href":"https:\/\/api.w.org\/{rel}","templated":true}]}}