{"id":1964,"date":"2025-11-10T11:03:10","date_gmt":"2025-11-10T11:03:10","guid":{"rendered":"https:\/\/florea.webwaves.fr\/?post_type=product&#038;p=1964"},"modified":"2025-11-10T11:03:27","modified_gmt":"2025-11-10T11:03:27","slug":"ficus-australis","status":"publish","type":"product","link":"https:\/\/florea.webwaves.fr\/?product=ficus-australis","title":{"rendered":"Ficus Australis"},"content":{"rendered":"<p>Le Ficus australis, \u00e9galement appel\u00e9 figuier australien, est un arbre ornemental robuste appr\u00e9ci\u00e9 pour son port large et son feuillage dense. Ses grandes feuilles vert fonc\u00e9 offrent une silhouette imposante et \u00e9l\u00e9gante, id\u00e9ale pour embellir jardins, parcs ou grandes terrasses.<br \/>\nOriginaire d\u2019Australie, le Ficus australis tol\u00e8re diff\u00e9rents types de sols et pr\u00e9f\u00e8re une exposition en plein soleil ou mi-ombre. Il n\u00e9cessite un arrosage r\u00e9gulier durant ses premi\u00e8res ann\u00e9es pour bien s\u2019\u00e9tablir, mais devient ensuite tr\u00e8s r\u00e9sistant \u00e0 la s\u00e9cheresse.<br \/>\nEn plus de son aspect d\u00e9coratif, cet arbre est excellent pour cr\u00e9er des zones d\u2019ombre et am\u00e9liorer l\u2019intimit\u00e9 dans un jardin. Son d\u00e9veloppement rapide et son entretien mod\u00e9r\u00e9 en font un choix populaire pour les am\u00e9nagements paysagers durables et esth\u00e9tiques..<\/p>\n","protected":false},"excerpt":{"rendered":"<p>Le Ficus australis est un arbre d\u2019ext\u00e9rieur majestueux, parfait pour cr\u00e9er &#8230; <\/p>\n","protected":false},"featured_media":1966,"template":"","meta":[],"product_brand":[],"product_cat":[149,151],"product_tag":[],"class_list":{"0":"post-1964","1":"product","2":"type-product","3":"status-publish","4":"has-post-thumbnail","6":"product_cat-plantes","7":"product_cat-plantes-dexterieur","9":"first","10":"instock","11":"taxable","12":"shipping-taxable","13":"purchasable","14":"product-type-simple"},"_links":{"self":[{"href":"https:\/\/florea.webwaves.fr\/index.php?rest_route=\/wp\/v2\/product\/1964","targetHints":{"allow":["GET"]}}],"collection":[{"href":"https:\/\/florea.webwaves.fr\/index.php?rest_route=\/wp\/v2\/product"}],"about":[{"href":"https:\/\/florea.webwaves.fr\/index.php?rest_route=\/wp\/v2\/types\/product"}],"wp:featuredmedia":[{"embeddable":true,"href":"https:\/\/florea.webwaves.fr\/index.php?rest_route=\/wp\/v2\/media\/1966"}],"wp:attachment":[{"href":"https:\/\/florea.webwaves.fr\/index.php?rest_route=%2Fwp%2Fv2%2Fmedia&parent=1964"}],"wp:term":[{"taxonomy":"product_brand","embeddable":true,"href":"https:\/\/florea.webwaves.fr\/index.php?rest_route=%2Fwp%2Fv2%2Fproduct_brand&post=1964"},{"taxonomy":"product_cat","embeddable":true,"href":"https:\/\/florea.webwaves.fr\/index.php?rest_route=%2Fwp%2Fv2%2Fproduct_cat&post=1964"},{"taxonomy":"product_tag","embeddable":true,"href":"https:\/\/florea.webwaves.fr\/index.php?rest_route=%2Fwp%2Fv2%2Fproduct_tag&post=1964"}],"curies":[{"name":"wp","href":"https:\/\/api.w.org\/{rel}","templated":true}]}}