{"id":1957,"date":"2025-11-10T10:54:26","date_gmt":"2025-11-10T10:54:26","guid":{"rendered":"https:\/\/florea.webwaves.fr\/?post_type=product&#038;p=1957"},"modified":"2025-11-10T10:55:35","modified_gmt":"2025-11-10T10:55:35","slug":"dracaena-marginata","status":"publish","type":"product","link":"https:\/\/florea.webwaves.fr\/?product=dracaena-marginata","title":{"rendered":"Dracaena Marginata"},"content":{"rendered":"<p>La Dracaena marginata, commun\u00e9ment appel\u00e9e dragonnier de Madagascar, est une plante d\u2019int\u00e9rieur au port \u00e9lanc\u00e9 et au feuillage finement bord\u00e9 de rouge. Originaire des r\u00e9gions tropicales d\u2019Afrique, elle s\u00e9duit par son allure graphique et son tronc fin qui peut atteindre jusqu\u2019\u00e0 deux m\u00e8tres de hauteur.<br \/>\nTr\u00e8s facile \u00e0 entretenir, elle appr\u00e9cie les endroits lumineux sans soleil direct et un arrosage mod\u00e9r\u00e9. R\u00e9sistante et d\u00e9polluante, la Dracaena marginata purifie naturellement l\u2019air en \u00e9liminant certaines substances nocives.<br \/>\nGr\u00e2ce \u00e0 son style sobre et contemporain, elle s\u2019int\u00e8gre aussi bien dans les int\u00e9rieurs modernes que classiques, que ce soit dans un salon, un bureau ou un hall d\u2019entr\u00e9e. Sa croissance lente et sa robustesse en font une plante durable et d\u00e9corative, parfaite pour ceux qui veulent une touche de nature sans trop d\u2019entretien.<\/p>\n","protected":false},"excerpt":{"rendered":"<p>La Dracaena marginata, \u00e9l\u00e9gante et r\u00e9sistante, est une plante d\u2019int\u00e9rieur id\u00e9ale &#8230; <\/p>\n","protected":false},"featured_media":1959,"template":"","meta":[],"product_brand":[],"product_cat":[149,150],"product_tag":[],"class_list":{"0":"post-1957","1":"product","2":"type-product","3":"status-publish","4":"has-post-thumbnail","6":"product_cat-plantes","7":"product_cat-plantes-dinterieur","9":"first","10":"instock","11":"taxable","12":"shipping-taxable","13":"purchasable","14":"product-type-simple"},"_links":{"self":[{"href":"https:\/\/florea.webwaves.fr\/index.php?rest_route=\/wp\/v2\/product\/1957","targetHints":{"allow":["GET"]}}],"collection":[{"href":"https:\/\/florea.webwaves.fr\/index.php?rest_route=\/wp\/v2\/product"}],"about":[{"href":"https:\/\/florea.webwaves.fr\/index.php?rest_route=\/wp\/v2\/types\/product"}],"wp:featuredmedia":[{"embeddable":true,"href":"https:\/\/florea.webwaves.fr\/index.php?rest_route=\/wp\/v2\/media\/1959"}],"wp:attachment":[{"href":"https:\/\/florea.webwaves.fr\/index.php?rest_route=%2Fwp%2Fv2%2Fmedia&parent=1957"}],"wp:term":[{"taxonomy":"product_brand","embeddable":true,"href":"https:\/\/florea.webwaves.fr\/index.php?rest_route=%2Fwp%2Fv2%2Fproduct_brand&post=1957"},{"taxonomy":"product_cat","embeddable":true,"href":"https:\/\/florea.webwaves.fr\/index.php?rest_route=%2Fwp%2Fv2%2Fproduct_cat&post=1957"},{"taxonomy":"product_tag","embeddable":true,"href":"https:\/\/florea.webwaves.fr\/index.php?rest_route=%2Fwp%2Fv2%2Fproduct_tag&post=1957"}],"curies":[{"name":"wp","href":"https:\/\/api.w.org\/{rel}","templated":true}]}}