{"id":1951,"date":"2025-11-10T10:51:43","date_gmt":"2025-11-10T10:51:43","guid":{"rendered":"https:\/\/florea.webwaves.fr\/?post_type=product&#038;p=1951"},"modified":"2025-11-10T10:51:43","modified_gmt":"2025-11-10T10:51:43","slug":"sansevieria-trifasciata","status":"publish","type":"product","link":"https:\/\/florea.webwaves.fr\/?product=sansevieria-trifasciata","title":{"rendered":"Sansevieria trifasciata"},"content":{"rendered":"<p>La Sansevieria trifasciata est une plante d\u2019int\u00e9rieur tr\u00e8s pris\u00e9e pour sa r\u00e9sistance et son style moderne. Ses longues feuilles dress\u00e9es, marbr\u00e9es de vert et bord\u00e9es de jaune, apportent une touche graphique et \u00e9pur\u00e9e \u00e0 n\u2019importe quel espace. Originaire d\u2019Afrique de l\u2019Ouest, elle s\u2019adapte parfaitement \u00e0 la vie en int\u00e9rieur et supporte les oublis d\u2019arrosage.<br \/>\nTr\u00e8s facile \u00e0 entretenir, la Sansevieria se contente d\u2019un arrosage l\u00e9ger toutes les deux \u00e0 trois semaines et d\u2019un emplacement lumineux sans soleil direct. Elle tol\u00e8re aussi les pi\u00e8ces plus ombrag\u00e9es, ce qui en fait une alli\u00e9e d\u00e9corative tr\u00e8s polyvalente.<br \/>\nEn plus de son allure design, elle est reconnue pour ses propri\u00e9t\u00e9s d\u00e9polluantes, purifiant naturellement l\u2019air ambiant. Parfaite pour les salons, chambres ou bureaux, elle combine beaut\u00e9, simplicit\u00e9 et bien-\u00eatre.<\/p>\n","protected":false},"excerpt":{"rendered":"<p>La Sansevieria, aussi appel\u00e9e langue de belle-m\u00e8re, est une plante d\u2019int\u00e9rieur &#8230; <\/p>\n","protected":false},"featured_media":1953,"template":"","meta":[],"product_brand":[],"product_cat":[149,150],"product_tag":[],"class_list":{"0":"post-1951","1":"product","2":"type-product","3":"status-publish","4":"has-post-thumbnail","6":"product_cat-plantes","7":"product_cat-plantes-dinterieur","9":"first","10":"instock","11":"sale","12":"taxable","13":"shipping-taxable","14":"purchasable","15":"product-type-simple"},"_links":{"self":[{"href":"https:\/\/florea.webwaves.fr\/index.php?rest_route=\/wp\/v2\/product\/1951","targetHints":{"allow":["GET"]}}],"collection":[{"href":"https:\/\/florea.webwaves.fr\/index.php?rest_route=\/wp\/v2\/product"}],"about":[{"href":"https:\/\/florea.webwaves.fr\/index.php?rest_route=\/wp\/v2\/types\/product"}],"wp:featuredmedia":[{"embeddable":true,"href":"https:\/\/florea.webwaves.fr\/index.php?rest_route=\/wp\/v2\/media\/1953"}],"wp:attachment":[{"href":"https:\/\/florea.webwaves.fr\/index.php?rest_route=%2Fwp%2Fv2%2Fmedia&parent=1951"}],"wp:term":[{"taxonomy":"product_brand","embeddable":true,"href":"https:\/\/florea.webwaves.fr\/index.php?rest_route=%2Fwp%2Fv2%2Fproduct_brand&post=1951"},{"taxonomy":"product_cat","embeddable":true,"href":"https:\/\/florea.webwaves.fr\/index.php?rest_route=%2Fwp%2Fv2%2Fproduct_cat&post=1951"},{"taxonomy":"product_tag","embeddable":true,"href":"https:\/\/florea.webwaves.fr\/index.php?rest_route=%2Fwp%2Fv2%2Fproduct_tag&post=1951"}],"curies":[{"name":"wp","href":"https:\/\/api.w.org\/{rel}","templated":true}]}}