{"id":1947,"date":"2025-11-10T10:50:28","date_gmt":"2025-11-10T10:50:28","guid":{"rendered":"https:\/\/florea.webwaves.fr\/?post_type=product&#038;p=1947"},"modified":"2025-11-10T10:50:28","modified_gmt":"2025-11-10T10:50:28","slug":"kalanchoe-bloss-gevuld","status":"publish","type":"product","link":"https:\/\/florea.webwaves.fr\/?product=kalanchoe-bloss-gevuld","title":{"rendered":"Kalancho\u00eb Bloss Gevuld"},"content":{"rendered":"<p>Le Kalancho\u00eb bloss gevuld est une charmante plante succulente originaire de Madagascar, c\u00e9l\u00e8bre pour ses petites fleurs vives regroup\u00e9es en bouquets serr\u00e9s. Ses p\u00e9tales \u00e9clatants, disponibles en rouge, rose, jaune ou orange, illuminent les int\u00e9rieurs pendant de longues semaines.<br \/>\nFacile \u00e0 entretenir, le Kalancho\u00eb pr\u00e9f\u00e8re la lumi\u00e8re vive et un arrosage mod\u00e9r\u00e9, en laissant la terre s\u00e9cher entre deux arrosages. Gr\u00e2ce \u00e0 sa nature r\u00e9sistante et sa floraison g\u00e9n\u00e9reuse, il convient aussi bien aux d\u00e9butants qu\u2019aux amateurs de plantes d\u2019int\u00e9rieur.<br \/>\nCompact et d\u00e9coratif, il trouve parfaitement sa place sur un rebord de fen\u00eatre, une table ou un bureau. Son feuillage charnu retient l\u2019eau, ce qui lui permet de conserver sa beaut\u00e9 m\u00eame en cas d\u2019oubli d\u2019arrosage. Le Kalancho\u00eb est \u00e9galement symbole de gaiet\u00e9 et de vitalit\u00e9.<\/p>\n","protected":false},"excerpt":{"rendered":"<p>Le Kalancho\u00eb est une plante d\u2019int\u00e9rieur fleurie et r\u00e9sistante, id\u00e9ale pour &#8230; <\/p>\n","protected":false},"featured_media":1949,"template":"","meta":[],"product_brand":[],"product_cat":[149,150],"product_tag":[],"class_list":{"0":"post-1947","1":"product","2":"type-product","3":"status-publish","4":"has-post-thumbnail","6":"product_cat-plantes","7":"product_cat-plantes-dinterieur","9":"first","10":"instock","11":"taxable","12":"shipping-taxable","13":"purchasable","14":"product-type-simple"},"_links":{"self":[{"href":"https:\/\/florea.webwaves.fr\/index.php?rest_route=\/wp\/v2\/product\/1947","targetHints":{"allow":["GET"]}}],"collection":[{"href":"https:\/\/florea.webwaves.fr\/index.php?rest_route=\/wp\/v2\/product"}],"about":[{"href":"https:\/\/florea.webwaves.fr\/index.php?rest_route=\/wp\/v2\/types\/product"}],"wp:featuredmedia":[{"embeddable":true,"href":"https:\/\/florea.webwaves.fr\/index.php?rest_route=\/wp\/v2\/media\/1949"}],"wp:attachment":[{"href":"https:\/\/florea.webwaves.fr\/index.php?rest_route=%2Fwp%2Fv2%2Fmedia&parent=1947"}],"wp:term":[{"taxonomy":"product_brand","embeddable":true,"href":"https:\/\/florea.webwaves.fr\/index.php?rest_route=%2Fwp%2Fv2%2Fproduct_brand&post=1947"},{"taxonomy":"product_cat","embeddable":true,"href":"https:\/\/florea.webwaves.fr\/index.php?rest_route=%2Fwp%2Fv2%2Fproduct_cat&post=1947"},{"taxonomy":"product_tag","embeddable":true,"href":"https:\/\/florea.webwaves.fr\/index.php?rest_route=%2Fwp%2Fv2%2Fproduct_tag&post=1947"}],"curies":[{"name":"wp","href":"https:\/\/api.w.org\/{rel}","templated":true}]}}