{"id":1943,"date":"2025-11-10T10:46:45","date_gmt":"2025-11-10T10:46:45","guid":{"rendered":"https:\/\/florea.webwaves.fr\/?post_type=product&#038;p=1943"},"modified":"2025-11-10T10:47:11","modified_gmt":"2025-11-10T10:47:11","slug":"anthurium-rouge","status":"publish","type":"product","link":"https:\/\/florea.webwaves.fr\/?product=anthurium-rouge","title":{"rendered":"Anthurium Rouge"},"content":{"rendered":"<p>L\u2019Anthurium rouge, aussi appel\u00e9 fleur de flamant, est une plante d\u2019int\u00e9rieur tropicale connue pour ses magnifiques fleurs rouge vif en forme de c\u0153ur et ses feuilles vert fonc\u00e9 lustr\u00e9es. Originaire d\u2019Am\u00e9rique du Sud, elle incarne la beaut\u00e9 et la long\u00e9vit\u00e9, ajoutant une touche de couleur et de raffinement \u00e0 tout int\u00e9rieur.<br \/>\nFacile \u00e0 entretenir, l\u2019Anthurium appr\u00e9cie les endroits lumineux sans soleil direct et une humidit\u00e9 ambiante mod\u00e9r\u00e9e. Avec des soins simples \u2013 un arrosage r\u00e9gulier sans exc\u00e8s et une temp\u00e9rature douce \u2013 il fleurit presque toute l\u2019ann\u00e9e.<br \/>\nC\u2019est une plante id\u00e9ale pour \u00e9gayer un salon, un bureau ou une pi\u00e8ce de r\u00e9ception. En plus d\u2019\u00eatre d\u00e9coratif, l\u2019Anthurium est souvent offert comme symbole d\u2019amour, d\u2019hospitalit\u00e9 et de prosp\u00e9rit\u00e9.<\/p>\n","protected":false},"excerpt":{"rendered":"<p>L\u2019Anthurium rouge, symbole d\u2019\u00e9l\u00e9gance et de passion, s\u00e9duit par ses fleurs &#8230; <\/p>\n","protected":false},"featured_media":1945,"template":"","meta":[],"product_brand":[],"product_cat":[149,150],"product_tag":[],"class_list":{"0":"post-1943","1":"product","2":"type-product","3":"status-publish","4":"has-post-thumbnail","6":"product_cat-plantes","7":"product_cat-plantes-dinterieur","9":"first","10":"instock","11":"taxable","12":"shipping-taxable","13":"purchasable","14":"product-type-simple"},"_links":{"self":[{"href":"https:\/\/florea.webwaves.fr\/index.php?rest_route=\/wp\/v2\/product\/1943","targetHints":{"allow":["GET"]}}],"collection":[{"href":"https:\/\/florea.webwaves.fr\/index.php?rest_route=\/wp\/v2\/product"}],"about":[{"href":"https:\/\/florea.webwaves.fr\/index.php?rest_route=\/wp\/v2\/types\/product"}],"wp:featuredmedia":[{"embeddable":true,"href":"https:\/\/florea.webwaves.fr\/index.php?rest_route=\/wp\/v2\/media\/1945"}],"wp:attachment":[{"href":"https:\/\/florea.webwaves.fr\/index.php?rest_route=%2Fwp%2Fv2%2Fmedia&parent=1943"}],"wp:term":[{"taxonomy":"product_brand","embeddable":true,"href":"https:\/\/florea.webwaves.fr\/index.php?rest_route=%2Fwp%2Fv2%2Fproduct_brand&post=1943"},{"taxonomy":"product_cat","embeddable":true,"href":"https:\/\/florea.webwaves.fr\/index.php?rest_route=%2Fwp%2Fv2%2Fproduct_cat&post=1943"},{"taxonomy":"product_tag","embeddable":true,"href":"https:\/\/florea.webwaves.fr\/index.php?rest_route=%2Fwp%2Fv2%2Fproduct_tag&post=1943"}],"curies":[{"name":"wp","href":"https:\/\/api.w.org\/{rel}","templated":true}]}}