{"id":1819,"date":"2025-11-02T05:56:00","date_gmt":"2025-11-02T05:56:00","guid":{"rendered":"https:\/\/florea.webwaves.fr\/?post_type=product&#038;p=1819"},"modified":"2025-11-02T06:15:46","modified_gmt":"2025-11-02T06:15:46","slug":"beaucarnea-recurvata","status":"publish","type":"product","link":"https:\/\/florea.webwaves.fr\/?product=beaucarnea-recurvata","title":{"rendered":"Beaucarnea Recurvata"},"content":{"rendered":"<h3 data-start=\"169\" data-end=\"217\"><strong data-start=\"173\" data-end=\"215\">Beaucarnea Pecurvata \u2013 Pied d\u2019\u00e9l\u00e9phant<\/strong><\/h3>\n<p data-start=\"219\" data-end=\"527\">Apportez une touche d\u2019exotisme et d\u2019\u00e9l\u00e9gance \u00e0 votre int\u00e9rieur avec la <strong data-start=\"290\" data-end=\"314\">Beaucarnea recurvata<\/strong>, commun\u00e9ment appel\u00e9e <em data-start=\"336\" data-end=\"353\">pied d\u2019\u00e9l\u00e9phant<\/em>. Cette plante originale se distingue par sa <strong data-start=\"398\" data-end=\"436\">base renfl\u00e9e en forme de bouteille<\/strong> et ses <strong data-start=\"444\" data-end=\"473\">feuilles fines et arqu\u00e9es<\/strong>, qui cr\u00e9ent un effet graphique et d\u00e9coratif unique.<\/p>\n<ul data-start=\"529\" data-end=\"863\">\n<li data-start=\"529\" data-end=\"554\">\n<p data-start=\"531\" data-end=\"554\"><strong data-start=\"531\" data-end=\"544\">Origine :<\/strong> Mexique<\/p>\n<\/li>\n<li data-start=\"555\" data-end=\"596\">\n<p data-start=\"557\" data-end=\"596\"><strong data-start=\"557\" data-end=\"570\">Hauteur :<\/strong> 40\u202f\u2013\u202f150\u202fcm selon l\u2019\u00e2ge<\/p>\n<\/li>\n<li data-start=\"597\" data-end=\"784\">\n<p data-start=\"599\" data-end=\"655\"><strong data-start=\"599\" data-end=\"614\">Entretien :<\/strong> Tr\u00e8s facile, id\u00e9ale pour les d\u00e9butants<\/p>\n<ul data-start=\"658\" data-end=\"784\">\n<li data-start=\"658\" data-end=\"728\">\n<p data-start=\"660\" data-end=\"728\">Arrosage : mod\u00e9r\u00e9, laissez s\u00e9cher le substrat entre deux arrosages<\/p>\n<\/li>\n<li data-start=\"731\" data-end=\"784\">\n<p data-start=\"733\" data-end=\"784\">Exposition : lumi\u00e8re indirecte \u00e0 forte luminosit\u00e9<\/p>\n<\/li>\n<\/ul>\n<\/li>\n<li data-start=\"785\" data-end=\"863\">\n<p data-start=\"787\" data-end=\"863\"><strong data-start=\"787\" data-end=\"802\">Avantages :<\/strong> Plante r\u00e9sistante, d\u00e9corative toute l\u2019ann\u00e9e, purifie l\u2019air<\/p>\n<\/li>\n<\/ul>\n<p data-start=\"865\" data-end=\"1120\">Parfaite pour <strong data-start=\"879\" data-end=\"914\">le salon, le bureau ou l\u2019entr\u00e9e<\/strong>, la Beaucarnea recurvata est un choix \u00e9l\u00e9gant pour ceux qui recherchent une plante durable et au style contemporain. Offrez-la en <strong data-start=\"1045\" data-end=\"1064\">cadeau original<\/strong> ou compl\u00e9tez votre collection de plantes d\u2019int\u00e9rieur.<\/p>\n","protected":false},"excerpt":{"rendered":"<p>Apportez une touche d\u2019\u00e9l\u00e9gance \u00e0 votre int\u00e9rieur avec le <strong data-start=\"212\" ... \n<\/p>\n","protected":false},"featured_media":1821,"template":"","meta":[],"product_brand":[],"product_cat":[149,150],"product_tag":[],"class_list":{"0":"post-1819","1":"product","2":"type-product","3":"status-publish","4":"has-post-thumbnail","6":"product_cat-plantes","7":"product_cat-plantes-dinterieur","9":"first","10":"instock","11":"taxable","12":"shipping-taxable","13":"purchasable","14":"product-type-variable"},"_links":{"self":[{"href":"https:\/\/florea.webwaves.fr\/index.php?rest_route=\/wp\/v2\/product\/1819","targetHints":{"allow":["GET"]}}],"collection":[{"href":"https:\/\/florea.webwaves.fr\/index.php?rest_route=\/wp\/v2\/product"}],"about":[{"href":"https:\/\/florea.webwaves.fr\/index.php?rest_route=\/wp\/v2\/types\/product"}],"wp:featuredmedia":[{"embeddable":true,"href":"https:\/\/florea.webwaves.fr\/index.php?rest_route=\/wp\/v2\/media\/1821"}],"wp:attachment":[{"href":"https:\/\/florea.webwaves.fr\/index.php?rest_route=%2Fwp%2Fv2%2Fmedia&parent=1819"}],"wp:term":[{"taxonomy":"product_brand","embeddable":true,"href":"https:\/\/florea.webwaves.fr\/index.php?rest_route=%2Fwp%2Fv2%2Fproduct_brand&post=1819"},{"taxonomy":"product_cat","embeddable":true,"href":"https:\/\/florea.webwaves.fr\/index.php?rest_route=%2Fwp%2Fv2%2Fproduct_cat&post=1819"},{"taxonomy":"product_tag","embeddable":true,"href":"https:\/\/florea.webwaves.fr\/index.php?rest_route=%2Fwp%2Fv2%2Fproduct_tag&post=1819"}],"curies":[{"name":"wp","href":"https:\/\/api.w.org\/{rel}","templated":true}]}}